{"id":283,"date":"2025-08-21T19:25:38","date_gmt":"2025-08-21T19:25:38","guid":{"rendered":"https:\/\/kimmtjewelry.com\/?post_type=product&#038;p=283"},"modified":"2025-08-21T19:25:39","modified_gmt":"2025-08-21T19:25:39","slug":"20-bong-tai-dinh-da-nhieu-mau-kim-mt-jewelry","status":"publish","type":"product","link":"https:\/\/kimmtjewelry.com\/index.php\/product\/20-bong-tai-dinh-da-nhieu-mau-kim-mt-jewelry\/","title":{"rendered":"20. B\u00f4ng tai \u0111\u00ednh \u0111\u00e1 nhi\u1ec1u m\u00e0u &#8211; KIM MT JEWELRY"},"content":{"rendered":"<p>Ch\u1ea5t li\u1ec7u: H\u1ee3p kim<\/p>\n<p>Phong c\u00e1ch: T\u1ed1i gi\u1ea3n, hi\u1ec7n \u0111\u1ea1i<\/p>\n<p>\u0110\u1ed1i t\u01b0\u1ee3ng\/ph\u00f9 h\u1ee3p: N\u1eef gi\u1edbi \u2013 nhi\u1ec1u \u0111\u1ed9 tu\u1ed5i, d\u1ec5 ph\u1ed1i \u0111\u1ed3<\/p>\n<p>\u2022 #BongTaiDep<\/p>\n<p>\u2022 #BongTaiNu<\/p>\n<p>\u2022 #BongTaiHotTrend<\/p>\n<p>\u2022 #TrangSucBongTai<\/p>\n<p>\u2022 #BongTaiSangChanh<\/p>\n<p>\u2022 #BongTaiCaoCap<\/p>\n<p>\u2022 #PhuKienBongTai<\/p>\n<p>\u2022 #BongTaiThoiTrang<\/p>\n<p>\u2022 #TrangSucNuDep<\/p>\n<p>\u2022 #PhuKienNu<\/p>\n<p>\ud83d\udd38Ch\u1ea5t li\u1ec7u:<\/p>\n<p>H\u1ee3p kim cao<\/p>\n","protected":false},"excerpt":{"rendered":"<p>Ch\u1ea5t li\u1ec7u: H\u1ee3p kim Phong c\u00e1ch: T\u1ed1i gi\u1ea3n, hi\u1ec7n \u0111\u1ea1i \u0110\u1ed1i t\u01b0\u1ee3ng\/ph\u00f9 h\u1ee3p: N\u1eef gi\u1edbi [&hellip;]<\/p>\n","protected":false},"featured_media":284,"comment_status":"open","ping_status":"closed","template":"","meta":[],"product_brand":[],"product_cat":[25],"product_tag":[],"class_list":{"0":"post-283","1":"product","2":"type-product","3":"status-publish","4":"has-post-thumbnail","6":"product_cat-bong-tai-nu","8":"first","9":"instock","10":"sale","11":"shipping-taxable","12":"purchasable","13":"product-type-simple"},"_links":{"self":[{"href":"https:\/\/kimmtjewelry.com\/index.php\/wp-json\/wp\/v2\/product\/283","targetHints":{"allow":["GET"]}}],"collection":[{"href":"https:\/\/kimmtjewelry.com\/index.php\/wp-json\/wp\/v2\/product"}],"about":[{"href":"https:\/\/kimmtjewelry.com\/index.php\/wp-json\/wp\/v2\/types\/product"}],"replies":[{"embeddable":true,"href":"https:\/\/kimmtjewelry.com\/index.php\/wp-json\/wp\/v2\/comments?post=283"}],"wp:featuredmedia":[{"embeddable":true,"href":"https:\/\/kimmtjewelry.com\/index.php\/wp-json\/wp\/v2\/media\/284"}],"wp:attachment":[{"href":"https:\/\/kimmtjewelry.com\/index.php\/wp-json\/wp\/v2\/media?parent=283"}],"wp:term":[{"taxonomy":"product_brand","embeddable":true,"href":"https:\/\/kimmtjewelry.com\/index.php\/wp-json\/wp\/v2\/product_brand?post=283"},{"taxonomy":"product_cat","embeddable":true,"href":"https:\/\/kimmtjewelry.com\/index.php\/wp-json\/wp\/v2\/product_cat?post=283"},{"taxonomy":"product_tag","embeddable":true,"href":"https:\/\/kimmtjewelry.com\/index.php\/wp-json\/wp\/v2\/product_tag?post=283"}],"curies":[{"name":"wp","href":"https:\/\/api.w.org\/{rel}","templated":true}]}}